{"id":6917,"date":"2023-08-31T12:21:12","date_gmt":"2023-08-31T18:21:12","guid":{"rendered":"https:\/\/2026.klapstudio.com\/politica-de-privacidad\/"},"modified":"2023-08-31T12:21:26","modified_gmt":"2023-08-31T18:21:26","slug":"privacidad","status":"publish","type":"page","link":"https:\/\/2026.klapstudio.com\/es\/privacidad\/","title":{"rendered":"Pol\u00edtica de Privacidad"},"content":{"rendered":"<p><strong>Informaci\u00f3n que recabamos:<\/strong><\/p>\n<p>Recabamos distintos tipos de informaci\u00f3n en relaci\u00f3n con los servicios, incluida la siguiente.<\/p>\n<ul>\n<li>Informaci\u00f3n que usted nos proporciona directamente;<\/li>\n<li>Informaci\u00f3n que recabamos sobre su uso de nuestros servicios; e<\/li>\n<li>Informaci\u00f3n que obtengamos de fuentes externas.<\/li>\n<\/ul>\n<p>Tambi\u00e9n podemos solicitar, de manera adicional, su consentimiento para recabar informaci\u00f3n as\u00ed como proporcionarle informaci\u00f3n as\u00ed como proporcionarle informaci\u00f3n relativa que sea recopilada como sus datos personales de un modo que no se describe en esta Pol\u00edtica de privacidad, si es requerido para la presentaci\u00f3n de determinados servicios adicionales.<\/p>\n<p><strong>Uso e intercambio de informaci\u00f3n:<\/strong><\/p>\n<p>Utilizamos la informaci\u00f3n que recabamos para los siguientes fines, entre otros:<\/p>\n<ul>\n<li>Prestarle los Servicios que solicite;<\/li>\n<li>Saber c\u00f3mo utiliza los Servicios a fin de poder mejorar su experiencia.<\/li>\n<li>Comprender m\u00e1s sobre nuestros clientes para ofrecer las comunicaciones, servicios y experiencias que sean m\u00e1s relevantes; y<\/li>\n<li>Proporcionar contenido y anuncios personalizados, recabando su consentimiento cuando sea necesario.<\/li>\n<\/ul>\n<p><strong>Puede que compartamos su informaci\u00f3n con:<\/strong><\/p>\n<ul>\n<li>Socios comerciales (Subcontrataci\u00f3n de servicios para alg\u00fan proyecto espec\u00edfico)<\/li>\n<li>Organismos encargados del cumplimiento de la ley ( Cuando nos veamos obligados a hacerlo o para proteger a Klap Studi u otros clientes)<\/li>\n<\/ul>\n<p><strong>Informaci\u00f3n adicional sobre productos y servicios espec\u00edficos<\/strong><\/p>\n<ul>\n<li>Si bien esta Pol\u00edtica de privacidad se aplica a todos nuestros Servicios, cuando resulte necesario, tambi\u00e9n le proporcionaremos algunos anexos sobre privacidad espec\u00edficos que contienen informaci\u00f3n adicional sobre nuestras pr\u00e1cticas en relaci\u00f3n con servicios concretos.<\/li>\n<\/ul>\n<p><strong>Cont\u00e1ctenos:<\/strong><br \/>\nDiagonal 6, 11-10 zona 10, Ciudad de Guatemala.<br \/>\nOficina 703<br \/>\nhello@klapstudio.com<\/p>\n","protected":false},"excerpt":{"rendered":"<p>Informaci\u00f3n que recabamos: Recabamos distintos tipos de informaci\u00f3n en relaci\u00f3n con los servicios, incluida la siguiente. Informaci\u00f3n que usted nos proporciona directamente; Informaci\u00f3n que recabamos sobre su uso de nuestros servicios; e Informaci\u00f3n que obtengamos de fuentes externas. Tambi\u00e9n podemos solicitar, de manera adicional, su consentimiento para recabar informaci\u00f3n as\u00ed como proporcionarle informaci\u00f3n as\u00ed como [&hellip;]<\/p>\n","protected":false},"author":3,"featured_media":0,"parent":0,"menu_order":0,"comment_status":"closed","ping_status":"closed","template":"","meta":{"_acf_changed":false,"inline_featured_image":false,"footnotes":""},"class_list":["post-6917","page","type-page","status-publish","hentry"],"acf":[],"_links":{"self":[{"href":"https:\/\/2026.klapstudio.com\/es\/wp-json\/wp\/v2\/pages\/6917","targetHints":{"allow":["GET"]}}],"collection":[{"href":"https:\/\/2026.klapstudio.com\/es\/wp-json\/wp\/v2\/pages"}],"about":[{"href":"https:\/\/2026.klapstudio.com\/es\/wp-json\/wp\/v2\/types\/page"}],"author":[{"embeddable":true,"href":"https:\/\/2026.klapstudio.com\/es\/wp-json\/wp\/v2\/users\/3"}],"replies":[{"embeddable":true,"href":"https:\/\/2026.klapstudio.com\/es\/wp-json\/wp\/v2\/comments?post=6917"}],"version-history":[{"count":0,"href":"https:\/\/2026.klapstudio.com\/es\/wp-json\/wp\/v2\/pages\/6917\/revisions"}],"wp:attachment":[{"href":"https:\/\/2026.klapstudio.com\/es\/wp-json\/wp\/v2\/media?parent=6917"}],"curies":[{"name":"wp","href":"https:\/\/api.w.org\/{rel}","templated":true}]}}